{"id":16,"date":"2023-11-15T13:14:48","date_gmt":"2023-11-15T12:14:48","guid":{"rendered":"http:\/\/alvsjo.pedodonti.nu\/?page_id=16"},"modified":"2026-05-05T11:52:10","modified_gmt":"2026-05-05T10:52:10","slug":"barnspecialist","status":"publish","type":"page","link":"https:\/\/alvsjo.pedodonti.nu\/en\/","title":{"rendered":"Specialized dental care for children and teenagers"},"content":{"rendered":"","protected":false},"excerpt":{"rendered":"","protected":false},"author":10,"featured_media":0,"parent":0,"menu_order":0,"comment_status":"closed","ping_status":"closed","template":"template-home.php","meta":{"footnotes":""},"class_list":["post-16","page","type-page","status-publish","hentry"],"acf":[],"yoast_head":"<title>Specialisttandv\u00e5rd f\u00f6r barn och ungdomar - \u00c4lvsj\u00f6 Pedodonti<\/title>\n<meta name=\"description\" content=\"Specialistklinik f\u00f6r tandv\u00e5rd av barn och ungdomar upp till 23 \u00e5r. V\u00e5r klinik finns i Stockholm, \u00c4lvsj\u00f6 centrum.\" \/>\n<meta name=\"robots\" content=\"index, follow, max-snippet:-1, max-image-preview:large, max-video-preview:-1\" \/>\n<link rel=\"canonical\" href=\"https:\/\/alvsjo.pedodonti.nu\/en\/\" \/>\n<meta property=\"og:locale\" content=\"en_GB\" \/>\n<meta property=\"og:type\" content=\"article\" \/>\n<meta property=\"og:title\" content=\"Specialisttandv\u00e5rd f\u00f6r barn och ungdomar - \u00c4lvsj\u00f6 Pedodonti\" \/>\n<meta property=\"og:description\" content=\"Specialistklinik f\u00f6r tandv\u00e5rd av barn och ungdomar upp till 23 \u00e5r. V\u00e5r klinik finns i Stockholm, \u00c4lvsj\u00f6 centrum.\" \/>\n<meta property=\"og:url\" content=\"https:\/\/alvsjo.pedodonti.nu\/en\/\" \/>\n<meta property=\"og:site_name\" content=\"\u00c4lvsj\u00f6 Pedodonti\" \/>\n<meta property=\"article:publisher\" content=\"https:\/\/www.facebook.com\/people\/Huddinge-Pedodonti\/100078100006004\/\" \/>\n<meta property=\"article:modified_time\" content=\"2026-05-05T10:52:10+00:00\" \/>\n<meta name=\"twitter:card\" content=\"summary_large_image\" \/>\n<script type=\"application\/ld+json\" class=\"yoast-schema-graph\">{\"@context\":\"https:\/\/schema.org\",\"@graph\":[{\"@type\":\"WebPage\",\"@id\":\"https:\/\/alvsjo.pedodonti.nu\/\",\"url\":\"https:\/\/alvsjo.pedodonti.nu\/\",\"name\":\"Specialisttandv\u00e5rd f\u00f6r barn och ungdomar - \u00c4lvsj\u00f6 Pedodonti\",\"isPartOf\":{\"@id\":\"https:\/\/alvsjo.pedodonti.nu\/#website\"},\"datePublished\":\"2023-11-15T12:14:48+00:00\",\"dateModified\":\"2026-05-05T10:52:10+00:00\",\"description\":\"Specialistklinik f\u00f6r tandv\u00e5rd av barn och ungdomar upp till 23 \u00e5r. V\u00e5r klinik finns i Stockholm, \u00c4lvsj\u00f6 centrum.\",\"breadcrumb\":{\"@id\":\"https:\/\/alvsjo.pedodonti.nu\/#breadcrumb\"},\"inLanguage\":\"en-GB\",\"potentialAction\":[{\"@type\":\"ReadAction\",\"target\":[\"https:\/\/alvsjo.pedodonti.nu\/\"]}]},{\"@type\":\"BreadcrumbList\",\"@id\":\"https:\/\/alvsjo.pedodonti.nu\/#breadcrumb\",\"itemListElement\":[{\"@type\":\"ListItem\",\"position\":1,\"name\":\"Hem\",\"item\":\"https:\/\/alvsjo.pedodonti.nu\/\"},{\"@type\":\"ListItem\",\"position\":2,\"name\":\"Specialisttandv\u00e5rd f\u00f6r barn och ungdomar\"}]},{\"@type\":\"WebSite\",\"@id\":\"https:\/\/alvsjo.pedodonti.nu\/#website\",\"url\":\"https:\/\/alvsjo.pedodonti.nu\/\",\"name\":\"\u00c4lvsj\u00f6 Pedodonti\",\"description\":\"Tandl\u00e4karklinik f\u00f6r specialisttandv\u00e5rd av barn och ungdomar, finns i \u00c4lvsj\u00f6 Centrum.\",\"publisher\":{\"@id\":\"https:\/\/alvsjo.pedodonti.nu\/#organization\"},\"alternateName\":\"Specialisttandv\u00e5rd f\u00f6r barn och ungdomar i \u00c4lvsj\u00f6\",\"potentialAction\":[{\"@type\":\"SearchAction\",\"target\":{\"@type\":\"EntryPoint\",\"urlTemplate\":\"https:\/\/alvsjo.pedodonti.nu\/?s={search_term_string}\"},\"query-input\":\"required name=search_term_string\"}],\"inLanguage\":\"en-GB\"},{\"@type\":\"Organization\",\"@id\":\"https:\/\/alvsjo.pedodonti.nu\/#organization\",\"name\":\"\u00c4lvsj\u00f6 Pedodonti\",\"alternateName\":\"\u00c4lvsj\u00f6 Pedodonti Specialist Barntandv\u00e5rd i Stockholm\",\"url\":\"https:\/\/alvsjo.pedodonti.nu\/\",\"logo\":{\"@type\":\"ImageObject\",\"inLanguage\":\"en-GB\",\"@id\":\"https:\/\/alvsjo.pedodonti.nu\/#\/schema\/logo\/image\/\",\"url\":\"https:\/\/alvsjo.pedodonti.nu\/wp-content\/uploads\/2024\/02\/cropped-alvsjo-pedodonti-lila.png\",\"contentUrl\":\"https:\/\/alvsjo.pedodonti.nu\/wp-content\/uploads\/2024\/02\/cropped-alvsjo-pedodonti-lila.png\",\"width\":661,\"height\":264,\"caption\":\"\u00c4lvsj\u00f6 Pedodonti\"},\"image\":{\"@id\":\"https:\/\/alvsjo.pedodonti.nu\/#\/schema\/logo\/image\/\"},\"sameAs\":[\"https:\/\/www.facebook.com\/people\/Huddinge-Pedodonti\/100078100006004\/\",\"https:\/\/se.linkedin.com\/in\/huddinge-lvsj-pedodonti-276b60354\"]}]}<\/script>","yoast_head_json":{"title":"Specialisttandv\u00e5rd f\u00f6r barn och ungdomar - \u00c4lvsj\u00f6 Pedodonti","description":"Specialistklinik f\u00f6r tandv\u00e5rd av barn och ungdomar upp till 23 \u00e5r. V\u00e5r klinik finns i Stockholm, \u00c4lvsj\u00f6 centrum.","robots":{"index":"index","follow":"follow","max-snippet":"max-snippet:-1","max-image-preview":"max-image-preview:large","max-video-preview":"max-video-preview:-1"},"canonical":"https:\/\/alvsjo.pedodonti.nu\/en\/","og_locale":"en_GB","og_type":"article","og_title":"Specialisttandv\u00e5rd f\u00f6r barn och ungdomar - \u00c4lvsj\u00f6 Pedodonti","og_description":"Specialistklinik f\u00f6r tandv\u00e5rd av barn och ungdomar upp till 23 \u00e5r. V\u00e5r klinik finns i Stockholm, \u00c4lvsj\u00f6 centrum.","og_url":"https:\/\/alvsjo.pedodonti.nu\/en\/","og_site_name":"\u00c4lvsj\u00f6 Pedodonti","article_publisher":"https:\/\/www.facebook.com\/people\/Huddinge-Pedodonti\/100078100006004\/","article_modified_time":"2026-05-05T10:52:10+00:00","twitter_card":"summary_large_image","schema":{"@context":"https:\/\/schema.org","@graph":[{"@type":"WebPage","@id":"https:\/\/alvsjo.pedodonti.nu\/","url":"https:\/\/alvsjo.pedodonti.nu\/","name":"Specialisttandv\u00e5rd f\u00f6r barn och ungdomar - \u00c4lvsj\u00f6 Pedodonti","isPartOf":{"@id":"https:\/\/alvsjo.pedodonti.nu\/#website"},"datePublished":"2023-11-15T12:14:48+00:00","dateModified":"2026-05-05T10:52:10+00:00","description":"Specialistklinik f\u00f6r tandv\u00e5rd av barn och ungdomar upp till 23 \u00e5r. V\u00e5r klinik finns i Stockholm, \u00c4lvsj\u00f6 centrum.","breadcrumb":{"@id":"https:\/\/alvsjo.pedodonti.nu\/#breadcrumb"},"inLanguage":"en-GB","potentialAction":[{"@type":"ReadAction","target":["https:\/\/alvsjo.pedodonti.nu\/"]}]},{"@type":"BreadcrumbList","@id":"https:\/\/alvsjo.pedodonti.nu\/#breadcrumb","itemListElement":[{"@type":"ListItem","position":1,"name":"Hem","item":"https:\/\/alvsjo.pedodonti.nu\/"},{"@type":"ListItem","position":2,"name":"Specialisttandv\u00e5rd f\u00f6r barn och ungdomar"}]},{"@type":"WebSite","@id":"https:\/\/alvsjo.pedodonti.nu\/#website","url":"https:\/\/alvsjo.pedodonti.nu\/","name":"\u00c4lvsj\u00f6 Pedodonti","description":"Tandl\u00e4karklinik f\u00f6r specialisttandv\u00e5rd av barn och ungdomar, finns i \u00c4lvsj\u00f6 Centrum.","publisher":{"@id":"https:\/\/alvsjo.pedodonti.nu\/#organization"},"alternateName":"Specialisttandv\u00e5rd f\u00f6r barn och ungdomar i \u00c4lvsj\u00f6","potentialAction":[{"@type":"SearchAction","target":{"@type":"EntryPoint","urlTemplate":"https:\/\/alvsjo.pedodonti.nu\/?s={search_term_string}"},"query-input":"required name=search_term_string"}],"inLanguage":"en-GB"},{"@type":"Organization","@id":"https:\/\/alvsjo.pedodonti.nu\/#organization","name":"\u00c4lvsj\u00f6 Pedodonti","alternateName":"\u00c4lvsj\u00f6 Pedodonti Specialist Barntandv\u00e5rd i Stockholm","url":"https:\/\/alvsjo.pedodonti.nu\/","logo":{"@type":"ImageObject","inLanguage":"en-GB","@id":"https:\/\/alvsjo.pedodonti.nu\/#\/schema\/logo\/image\/","url":"https:\/\/alvsjo.pedodonti.nu\/wp-content\/uploads\/2024\/02\/cropped-alvsjo-pedodonti-lila.png","contentUrl":"https:\/\/alvsjo.pedodonti.nu\/wp-content\/uploads\/2024\/02\/cropped-alvsjo-pedodonti-lila.png","width":661,"height":264,"caption":"\u00c4lvsj\u00f6 Pedodonti"},"image":{"@id":"https:\/\/alvsjo.pedodonti.nu\/#\/schema\/logo\/image\/"},"sameAs":["https:\/\/www.facebook.com\/people\/Huddinge-Pedodonti\/100078100006004\/","https:\/\/se.linkedin.com\/in\/huddinge-lvsj-pedodonti-276b60354"]}]}},"_links":{"self":[{"href":"https:\/\/alvsjo.pedodonti.nu\/en\/wp-json\/wp\/v2\/pages\/16","targetHints":{"allow":["GET"]}}],"collection":[{"href":"https:\/\/alvsjo.pedodonti.nu\/en\/wp-json\/wp\/v2\/pages"}],"about":[{"href":"https:\/\/alvsjo.pedodonti.nu\/en\/wp-json\/wp\/v2\/types\/page"}],"author":[{"embeddable":true,"href":"https:\/\/alvsjo.pedodonti.nu\/en\/wp-json\/wp\/v2\/users\/10"}],"replies":[{"embeddable":true,"href":"https:\/\/alvsjo.pedodonti.nu\/en\/wp-json\/wp\/v2\/comments?post=16"}],"version-history":[{"count":0,"href":"https:\/\/alvsjo.pedodonti.nu\/en\/wp-json\/wp\/v2\/pages\/16\/revisions"}],"wp:attachment":[{"href":"https:\/\/alvsjo.pedodonti.nu\/en\/wp-json\/wp\/v2\/media?parent=16"}],"curies":[{"name":"wp","href":"https:\/\/api.w.org\/{rel}","templated":true}]}}